{"id":10215,"date":"2021-07-23T17:20:18","date_gmt":"2021-07-23T21:20:18","guid":{"rendered":"https:\/\/renegadeperformance.ca\/product\/renegade-support-poids-olympique-avec-socle-pour-barre\/"},"modified":"2022-07-09T12:26:53","modified_gmt":"2022-07-09T16:26:53","slug":"renegade-support-poids-olympique-avec-socle-pour-barre","status":"publish","type":"product","link":"https:\/\/renegadeperformance.ca\/fr\/produit\/renegade-support-poids-olympique-avec-socle-pour-barre\/","title":{"rendered":"Support pour Poids de 2&Prime;"},"content":{"rendered":"<p>Le support pour poids olympiques de 2&Prime; est parfait pour toute salle de sport \u00e0 domicile, que vous commenciez \u00e0 vous entra\u00eener ou que vous soyez d\u00e9j\u00e0 un habitu\u00e9. Offrant 4 barres de support et un socle additionnel pour ranger une barre olympique. Adieu aux jours des plaques dispers\u00e9es partout dans votre gym et votre barre au sol qui n&rsquo;attend qu&rsquo;\u00e0 ce que quelqu&rsquo;un fasse un faux pas pour causer des ennuis.<\/p>\n<p><strong>Caract\u00e9ristiques<\/strong><br \/>\nMat\u00e9riel: Acier industriel<br \/>\nLargeur: 30 pouces<br \/>\nProfondeur: 19 pouces<br \/>\nHauteur: 31 pouces<\/p>\n","protected":false},"excerpt":{"rendered":"<p>Le support pour poids olympiques de 2&Prime; est parfait pour toute salle de sport \u00e0 domicile, que vous commenciez \u00e0 vous entra\u00eener ou que vous soyez d\u00e9j\u00e0 un habitu\u00e9. Offrant 4 barres de support et un socle additionnel pour ranger une barre olympique. Adieu aux jours des plaques dispers\u00e9es partout dans votre gym et votre [&hellip;]<\/p>\n","protected":false},"featured_media":10133,"comment_status":"open","ping_status":"closed","template":"","meta":{"_et_pb_use_builder":"","_et_pb_old_content":"","_et_gb_content_width":""},"product_brand":[],"product_cat":[174,177],"product_tag":[],"class_list":["post-10215","product","type-product","status-publish","has-post-thumbnail","product_cat-accessoires-mise-en-forme","product_cat-supports-poids-halteres","first","instock","taxable","shipping-taxable","purchasable","product-type-simple"],"jetpack_sharing_enabled":true,"_links":{"self":[{"href":"https:\/\/renegadeperformance.ca\/fr\/wp-json\/wp\/v2\/product\/10215","targetHints":{"allow":["GET"]}}],"collection":[{"href":"https:\/\/renegadeperformance.ca\/fr\/wp-json\/wp\/v2\/product"}],"about":[{"href":"https:\/\/renegadeperformance.ca\/fr\/wp-json\/wp\/v2\/types\/product"}],"replies":[{"embeddable":true,"href":"https:\/\/renegadeperformance.ca\/fr\/wp-json\/wp\/v2\/comments?post=10215"}],"wp:featuredmedia":[{"embeddable":true,"href":"https:\/\/renegadeperformance.ca\/fr\/wp-json\/wp\/v2\/media\/10133"}],"wp:attachment":[{"href":"https:\/\/renegadeperformance.ca\/fr\/wp-json\/wp\/v2\/media?parent=10215"}],"wp:term":[{"taxonomy":"product_brand","embeddable":true,"href":"https:\/\/renegadeperformance.ca\/fr\/wp-json\/wp\/v2\/product_brand?post=10215"},{"taxonomy":"product_cat","embeddable":true,"href":"https:\/\/renegadeperformance.ca\/fr\/wp-json\/wp\/v2\/product_cat?post=10215"},{"taxonomy":"product_tag","embeddable":true,"href":"https:\/\/renegadeperformance.ca\/fr\/wp-json\/wp\/v2\/product_tag?post=10215"}],"curies":[{"name":"wp","href":"https:\/\/api.w.org\/{rel}","templated":true}]}}