{"id":10225,"date":"2021-07-23T16:55:36","date_gmt":"2021-07-23T20:55:36","guid":{"rendered":"https:\/\/renegadeperformance.ca\/product\/coussin-protection-en-mousse-barre-a-squat\/"},"modified":"2022-06-15T07:36:32","modified_gmt":"2022-06-15T11:36:32","slug":"coussin-protection-en-mousse-barre-a-squat","status":"publish","type":"product","link":"https:\/\/renegadeperformance.ca\/fr\/produit\/coussin-protection-en-mousse-barre-a-squat\/","title":{"rendered":"Coussin de Protection en Mousse pour Barre \u00e0 Squat"},"content":{"rendered":"<p>Ce coussin de protection pour barre \u00e0 squat est fabriqu\u00e9 avec de la mousse m\u00e9moire de haute qualit\u00e9 pour une sensation super moelleuse lors de l&rsquo;effort. Il aide \u00e0 la r\u00e9partition du poids sur tout le corps, soulage la douleur qui s&rsquo;est produite dans le cou en s&rsquo;accroupissant. Ce coussin vous aide \u00e0 faire de l&rsquo;exercice sans avoir \u00e0 ressentir de la douleur. Il est d\u00e9al pour les squats, les fentes et les pouss\u00e9es de hanche.<\/p>\n<ul>\n<li>3.5 po de diam\u00e8tres<\/li>\n<li>18 pouces de longueur<\/li>\n<\/ul>\n","protected":false},"excerpt":{"rendered":"<p>Ce coussin de protection pour barre \u00e0 squat est fabriqu\u00e9 avec de la mousse m\u00e9moire de haute qualit\u00e9 pour une sensation super moelleuse lors de l&rsquo;effort. Il aide \u00e0 la r\u00e9partition du poids sur tout le corps, soulage la douleur qui s&rsquo;est produite dans le cou en s&rsquo;accroupissant. Ce coussin vous aide \u00e0 faire de [&hellip;]<\/p>\n","protected":false},"featured_media":10121,"comment_status":"open","ping_status":"closed","template":"","meta":{"_et_pb_use_builder":"","_et_pb_old_content":"","_et_gb_content_width":""},"product_brand":[],"product_cat":[174,182],"product_tag":[],"class_list":{"0":"post-10225","1":"product","2":"type-product","3":"status-publish","4":"has-post-thumbnail","6":"product_cat-accessoires-mise-en-forme","7":"product_cat-coussins-barre-a-squat","9":"first","10":"instock","11":"taxable","12":"shipping-taxable","13":"purchasable","14":"product-type-simple"},"jetpack_sharing_enabled":true,"_links":{"self":[{"href":"https:\/\/renegadeperformance.ca\/fr\/wp-json\/wp\/v2\/product\/10225","targetHints":{"allow":["GET"]}}],"collection":[{"href":"https:\/\/renegadeperformance.ca\/fr\/wp-json\/wp\/v2\/product"}],"about":[{"href":"https:\/\/renegadeperformance.ca\/fr\/wp-json\/wp\/v2\/types\/product"}],"replies":[{"embeddable":true,"href":"https:\/\/renegadeperformance.ca\/fr\/wp-json\/wp\/v2\/comments?post=10225"}],"wp:featuredmedia":[{"embeddable":true,"href":"https:\/\/renegadeperformance.ca\/fr\/wp-json\/wp\/v2\/media\/10121"}],"wp:attachment":[{"href":"https:\/\/renegadeperformance.ca\/fr\/wp-json\/wp\/v2\/media?parent=10225"}],"wp:term":[{"taxonomy":"product_brand","embeddable":true,"href":"https:\/\/renegadeperformance.ca\/fr\/wp-json\/wp\/v2\/product_brand?post=10225"},{"taxonomy":"product_cat","embeddable":true,"href":"https:\/\/renegadeperformance.ca\/fr\/wp-json\/wp\/v2\/product_cat?post=10225"},{"taxonomy":"product_tag","embeddable":true,"href":"https:\/\/renegadeperformance.ca\/fr\/wp-json\/wp\/v2\/product_tag?post=10225"}],"curies":[{"name":"wp","href":"https:\/\/api.w.org\/{rel}","templated":true}]}}